{"id":19,"date":"2014-09-19T09:18:32","date_gmt":"2014-09-19T09:18:32","guid":{"rendered":"http:\/\/fastighet.floradekor.com\/?page_id=19"},"modified":"2025-06-09T06:54:47","modified_gmt":"2025-06-09T06:54:47","slug":"boende","status":"publish","type":"page","link":"https:\/\/fastighet.floradekor.com\/?page_id=19","title":{"rendered":"Boende"},"content":{"rendered":"<p>Bo i en fantastisk milj\u00f6 med den fina naturen och g\u00e5rdens djur som n\u00e4rmaste granne.<\/p>\n<p><a href=\"http:\/\/fastighet.floradekor.com\/wp-content\/uploads\/2022\/07\/hus-entre_02.jpg\"><img decoding=\"async\" loading=\"lazy\" class=\"alignnone wp-image-241\" src=\"http:\/\/fastighet.floradekor.com\/wp-content\/uploads\/2022\/07\/hus-entre_02.jpg\" alt=\"\" width=\"638\" height=\"313\" srcset=\"https:\/\/fastighet.floradekor.com\/wp-content\/uploads\/2022\/07\/hus-entre_02.jpg 1000w, https:\/\/fastighet.floradekor.com\/wp-content\/uploads\/2022\/07\/hus-entre_02-300x147.jpg 300w, https:\/\/fastighet.floradekor.com\/wp-content\/uploads\/2022\/07\/hus-entre_02-768x376.jpg 768w\" sizes=\"(max-width: 638px) 100vw, 638px\" \/><\/a><\/p>\n<p><strong>Pris p\u00e5 rum:<\/strong><br \/>\nDubbelrum 950:- och 4.950:- per vecka inkl. frukost<br \/>\nEnkelrum 850:- och 4.500:- per vecka inkl. frukost<\/p>\n<p><img decoding=\"async\" loading=\"lazy\" class=\"alignnone wp-image-246\" src=\"http:\/\/fastighet.floradekor.com\/wp-content\/uploads\/2022\/07\/rum-3_01.jpg\" alt=\"\" width=\"342\" height=\"192\" srcset=\"https:\/\/fastighet.floradekor.com\/wp-content\/uploads\/2022\/07\/rum-3_01.jpg 1000w, https:\/\/fastighet.floradekor.com\/wp-content\/uploads\/2022\/07\/rum-3_01-300x169.jpg 300w, https:\/\/fastighet.floradekor.com\/wp-content\/uploads\/2022\/07\/rum-3_01-768x432.jpg 768w\" sizes=\"(max-width: 342px) 100vw, 342px\" \/>\u00a0<a href=\"http:\/\/fastighet.floradekor.com\/wp-content\/uploads\/2022\/07\/rum-4_03.jpg\"><img decoding=\"async\" loading=\"lazy\" class=\"alignnone wp-image-247\" src=\"http:\/\/fastighet.floradekor.com\/wp-content\/uploads\/2022\/07\/rum-4_03.jpg\" alt=\"\" width=\"287\" height=\"191\" srcset=\"https:\/\/fastighet.floradekor.com\/wp-content\/uploads\/2022\/07\/rum-4_03.jpg 1000w, https:\/\/fastighet.floradekor.com\/wp-content\/uploads\/2022\/07\/rum-4_03-300x200.jpg 300w, https:\/\/fastighet.floradekor.com\/wp-content\/uploads\/2022\/07\/rum-4_03-768x512.jpg 768w\" sizes=\"(max-width: 287px) 100vw, 287px\" \/><\/a><\/p>\n<p><img decoding=\"async\" loading=\"lazy\" class=\"alignnone wp-image-243\" src=\"http:\/\/fastighet.floradekor.com\/wp-content\/uploads\/2022\/07\/rum-3_03.jpg\" alt=\"\" width=\"318\" height=\"212\" srcset=\"https:\/\/fastighet.floradekor.com\/wp-content\/uploads\/2022\/07\/rum-3_03.jpg 1000w, https:\/\/fastighet.floradekor.com\/wp-content\/uploads\/2022\/07\/rum-3_03-300x200.jpg 300w, https:\/\/fastighet.floradekor.com\/wp-content\/uploads\/2022\/07\/rum-3_03-768x512.jpg 768w\" sizes=\"(max-width: 318px) 100vw, 318px\" \/>\u00a0<a href=\"http:\/\/fastighet.floradekor.com\/wp-content\/uploads\/2022\/07\/rum-1_02.jpg\"><img decoding=\"async\" loading=\"lazy\" class=\"alignnone wp-image-245\" src=\"http:\/\/fastighet.floradekor.com\/wp-content\/uploads\/2022\/07\/rum-1_02.jpg\" alt=\"\" width=\"318\" height=\"212\" srcset=\"https:\/\/fastighet.floradekor.com\/wp-content\/uploads\/2022\/07\/rum-1_02.jpg 1000w, https:\/\/fastighet.floradekor.com\/wp-content\/uploads\/2022\/07\/rum-1_02-300x200.jpg 300w, https:\/\/fastighet.floradekor.com\/wp-content\/uploads\/2022\/07\/rum-1_02-768x512.jpg 768w\" sizes=\"(max-width: 318px) 100vw, 318px\" \/><\/a><\/p>\n<p>Se mer bilder p\u00e5 boende, faciliteter och omgivning:<\/p>\n<ul>\n<li><a href=\"http:\/\/galleri.floradekor.com\/Hus-Entre\/\" target=\"_blank\" rel=\"noopener\">G\u00e4stg\u00e5rden<\/a><\/li>\n<li><a href=\"http:\/\/galleri.floradekor.com\/Utemiljo\/\" target=\"_blank\" rel=\"noopener\">Utemilj\u00f6<\/a><\/li>\n<li><a href=\"http:\/\/galleri.floradekor.com\/Boendet\/\" target=\"_blank\" rel=\"noopener\">Boendet<\/a><\/li>\n<li><a href=\"http:\/\/galleri.floradekor.com\/Rum1\/\" target=\"_blank\" rel=\"noopener\">Rum 1<\/a><\/li>\n<li><a href=\"http:\/\/galleri.floradekor.com\/Rum2\/\" target=\"_blank\" rel=\"noopener\">Rum 2<\/a><\/li>\n<li><a href=\"http:\/\/galleri.floradekor.com\/Rum3\/\" target=\"_blank\" rel=\"noopener\">Rum 3<\/a><\/li>\n<li><a href=\"http:\/\/galleri.floradekor.com\/Rum4\/\" target=\"_blank\" rel=\"noopener\">Rum 4<\/a><\/li>\n<li><a href=\"http:\/\/galleri.floradekor.com\/Toa-Dusch\/\" target=\"_blank\" rel=\"noopener\">Toaletter och dusch<\/a><\/li>\n<li><a href=\"http:\/\/galleri.floradekor.com\/Storstugan\/\" target=\"_blank\" rel=\"noopener\">Storstugan<\/a><\/li>\n<\/ul>\n<p><em><strong>Kontakta oss p\u00e5 Telefon 0732 63 00 01 eller e-mail <a href=\"mailto:info@floradekor.com\">info@floradekor.com<\/a>.<\/strong><\/em><\/p>\n<p><a href=\"http:\/\/fastighet.floradekor.com\/wp-content\/uploads\/2022\/07\/storstugan_01.jpg\"><img decoding=\"async\" loading=\"lazy\" class=\"alignnone wp-image-248\" src=\"http:\/\/fastighet.floradekor.com\/wp-content\/uploads\/2022\/07\/storstugan_01.jpg\" alt=\"\" width=\"638\" height=\"359\" srcset=\"https:\/\/fastighet.floradekor.com\/wp-content\/uploads\/2022\/07\/storstugan_01.jpg 1000w, https:\/\/fastighet.floradekor.com\/wp-content\/uploads\/2022\/07\/storstugan_01-300x169.jpg 300w, https:\/\/fastighet.floradekor.com\/wp-content\/uploads\/2022\/07\/storstugan_01-768x432.jpg 768w\" sizes=\"(max-width: 638px) 100vw, 638px\" \/><\/a><\/p>\n<p><a href=\"http:\/\/fastighet.floradekor.com\/wp-content\/uploads\/2022\/07\/utemiljo_02.jpg\"><img decoding=\"async\" loading=\"lazy\" class=\"alignnone wp-image-249\" src=\"http:\/\/fastighet.floradekor.com\/wp-content\/uploads\/2022\/07\/utemiljo_02.jpg\" alt=\"\" width=\"638\" height=\"223\" srcset=\"https:\/\/fastighet.floradekor.com\/wp-content\/uploads\/2022\/07\/utemiljo_02.jpg 1000w, https:\/\/fastighet.floradekor.com\/wp-content\/uploads\/2022\/07\/utemiljo_02-300x105.jpg 300w, https:\/\/fastighet.floradekor.com\/wp-content\/uploads\/2022\/07\/utemiljo_02-768x268.jpg 768w\" sizes=\"(max-width: 638px) 100vw, 638px\" \/><\/a><\/p>\n<p><a href=\"http:\/\/fastighet.floradekor.com\/wp-content\/uploads\/2022\/07\/utemiljo_04.jpg\"><img decoding=\"async\" loading=\"lazy\" class=\"alignnone wp-image-250\" src=\"http:\/\/fastighet.floradekor.com\/wp-content\/uploads\/2022\/07\/utemiljo_04.jpg\" alt=\"\" width=\"638\" height=\"359\" srcset=\"https:\/\/fastighet.floradekor.com\/wp-content\/uploads\/2022\/07\/utemiljo_04.jpg 1000w, https:\/\/fastighet.floradekor.com\/wp-content\/uploads\/2022\/07\/utemiljo_04-300x169.jpg 300w, https:\/\/fastighet.floradekor.com\/wp-content\/uploads\/2022\/07\/utemiljo_04-768x432.jpg 768w\" sizes=\"(max-width: 638px) 100vw, 638px\" \/><\/a><br \/>\n<span style=\"border-radius: 2px; text-indent: 20px; width: auto; padding: 0px 4px 0px 0px; text-align: center; font: bold 11px\/20px 'Helvetica Neue',Helvetica,sans-serif; color: #ffffff; background: #bd081c no-repeat scroll 3px 50% \/ 14px 14px; position: absolute; opacity: 0.85; z-index: 8675309; display: none; cursor: pointer; top: 33px; left: 20px;\">Spara<\/span><\/p>\n<p><span style=\"border-radius: 2px; text-indent: 20px; width: auto; padding: 0px 4px 0px 0px; text-align: center; font: bold 11px\/20px 'Helvetica Neue',Helvetica,sans-serif; color: #ffffff; background: #bd081c no-repeat scroll 3px 50% \/ 14px 14px; position: absolute; opacity: 0.85; z-index: 8675309; display: none; cursor: pointer; top: 569px; left: 20px;\">Spara<\/span><\/p>\n","protected":false},"excerpt":{"rendered":"<p>Bo i en fantastisk milj\u00f6 med den fina naturen och g\u00e5rdens djur som n\u00e4rmaste granne. Pris p\u00e5 rum: Dubbelrum 950:- och 4.950:- per vecka inkl. frukost Enkelrum 850:- och 4.500:- per vecka inkl. frukost \u00a0 \u00a0 Se mer bilder p\u00e5 boende, faciliteter och omgivning: G\u00e4stg\u00e5rden Utemilj\u00f6 Boendet Rum 1 Rum 2 Rum 3 Rum 4 [&hellip;]<\/p>\n","protected":false},"author":2,"featured_media":0,"parent":0,"menu_order":0,"comment_status":"closed","ping_status":"closed","template":"","meta":[],"_links":{"self":[{"href":"https:\/\/fastighet.floradekor.com\/index.php?rest_route=\/wp\/v2\/pages\/19"}],"collection":[{"href":"https:\/\/fastighet.floradekor.com\/index.php?rest_route=\/wp\/v2\/pages"}],"about":[{"href":"https:\/\/fastighet.floradekor.com\/index.php?rest_route=\/wp\/v2\/types\/page"}],"author":[{"embeddable":true,"href":"https:\/\/fastighet.floradekor.com\/index.php?rest_route=\/wp\/v2\/users\/2"}],"replies":[{"embeddable":true,"href":"https:\/\/fastighet.floradekor.com\/index.php?rest_route=%2Fwp%2Fv2%2Fcomments&post=19"}],"version-history":[{"count":21,"href":"https:\/\/fastighet.floradekor.com\/index.php?rest_route=\/wp\/v2\/pages\/19\/revisions"}],"predecessor-version":[{"id":264,"href":"https:\/\/fastighet.floradekor.com\/index.php?rest_route=\/wp\/v2\/pages\/19\/revisions\/264"}],"wp:attachment":[{"href":"https:\/\/fastighet.floradekor.com\/index.php?rest_route=%2Fwp%2Fv2%2Fmedia&parent=19"}],"curies":[{"name":"wp","href":"https:\/\/api.w.org\/{rel}","templated":true}]}}