{"id":197,"date":"2018-06-13T06:21:23","date_gmt":"2018-06-13T06:21:23","guid":{"rendered":"http:\/\/fastighet.floradekor.com\/?page_id=197"},"modified":"2018-06-13T06:21:23","modified_gmt":"2018-06-13T06:21:23","slug":"kontakt","status":"publish","type":"page","link":"https:\/\/fastighet.floradekor.com\/?page_id=197","title":{"rendered":"Kontakt"},"content":{"rendered":"<p><b>Post:<\/b> Pr\u00e4stg\u00e5rden, Hol, 441 93 ALINGS\u00c5S<\/p>\n<p><b>Telefon:<\/b> 0732 63 00 01<\/p>\n<p><b>E-mail:<\/b> <a href=\"mailto:anette@floradekor.com\">anette<wbr \/>@floradekor.com<\/a><\/p>\n","protected":false},"excerpt":{"rendered":"<p>Post: Pr\u00e4stg\u00e5rden, Hol, 441 93 ALINGS\u00c5S Telefon: 0732 63 00 01 E-mail: anette@floradekor.com<\/p>\n","protected":false},"author":2,"featured_media":0,"parent":0,"menu_order":0,"comment_status":"closed","ping_status":"closed","template":"","meta":[],"_links":{"self":[{"href":"https:\/\/fastighet.floradekor.com\/index.php?rest_route=\/wp\/v2\/pages\/197"}],"collection":[{"href":"https:\/\/fastighet.floradekor.com\/index.php?rest_route=\/wp\/v2\/pages"}],"about":[{"href":"https:\/\/fastighet.floradekor.com\/index.php?rest_route=\/wp\/v2\/types\/page"}],"author":[{"embeddable":true,"href":"https:\/\/fastighet.floradekor.com\/index.php?rest_route=\/wp\/v2\/users\/2"}],"replies":[{"embeddable":true,"href":"https:\/\/fastighet.floradekor.com\/index.php?rest_route=%2Fwp%2Fv2%2Fcomments&post=197"}],"version-history":[{"count":1,"href":"https:\/\/fastighet.floradekor.com\/index.php?rest_route=\/wp\/v2\/pages\/197\/revisions"}],"predecessor-version":[{"id":198,"href":"https:\/\/fastighet.floradekor.com\/index.php?rest_route=\/wp\/v2\/pages\/197\/revisions\/198"}],"wp:attachment":[{"href":"https:\/\/fastighet.floradekor.com\/index.php?rest_route=%2Fwp%2Fv2%2Fmedia&parent=197"}],"curies":[{"name":"wp","href":"https:\/\/api.w.org\/{rel}","templated":true}]}}