{"id":2,"date":"2014-09-18T15:58:07","date_gmt":"2014-09-18T15:58:07","guid":{"rendered":"http:\/\/fastighet.floradekor.com\/?page_id=2"},"modified":"2018-06-13T06:12:07","modified_gmt":"2018-06-13T06:12:07","slug":"sample-page","status":"publish","type":"page","link":"https:\/\/fastighet.floradekor.com\/?page_id=2","title":{"rendered":"Om oss"},"content":{"rendered":"<p>Flora Dekor har bland annat en friskola med kristen grundv\u00e4rdering. Skolan erbjuder 1-\u00e5rig vuxen utbildning. Den drivs p\u00e5 v\u00e5r egen g\u00e5rd, i lantlig milj\u00f6, och \u00e4r anpassad till detta. Skolan har varit ig\u00e5ng som yrkesutbildare sedan 1995, men d\u00e5 p\u00e5 komvux niv\u00e5. Vi finns 1 mil norr om Alings\u00e5s.<\/p>\n<p>Flora Dekor har \u00e4ven djur p\u00e5 g\u00e5rden. Vi f\u00f6der upp och utbildar h\u00e4star f\u00f6r bl a k\u00f6rning av ekipage och arbete i skog. Dessa finns sedan till salu. Vi har \u00e4ven katter och kaniner till f\u00f6rs\u00e4ljning.<\/p>\n<p>P\u00e5 sommaren och h\u00f6sten har vi blomsterodling p\u00e5 friland. Ett helt f\u00e4lt med salvia, r\u00e4vsvans, hirs, lukt\u00e4rter, ringblommor, solrosor och mycket mera, allt \u00e4r \u00f6ppet f\u00f6r sj\u00e4lvplockning.<\/p>\n<p><strong><em>Flora Dekor, en ekologisk idyll djur och m\u00e4nniskor!<\/em><\/strong><\/p>\n","protected":false},"excerpt":{"rendered":"<p>Flora Dekor har bland annat en friskola med kristen grundv\u00e4rdering. Skolan erbjuder 1-\u00e5rig vuxen utbildning. Den drivs p\u00e5 v\u00e5r egen g\u00e5rd, i lantlig milj\u00f6, och \u00e4r anpassad till detta. Skolan har varit ig\u00e5ng som yrkesutbildare sedan 1995, men d\u00e5 p\u00e5 komvux niv\u00e5. Vi finns 1 mil norr om Alings\u00e5s. Flora Dekor har \u00e4ven djur p\u00e5 [&hellip;]<\/p>\n","protected":false},"author":2,"featured_media":0,"parent":0,"menu_order":0,"comment_status":"closed","ping_status":"closed","template":"","meta":[],"_links":{"self":[{"href":"https:\/\/fastighet.floradekor.com\/index.php?rest_route=\/wp\/v2\/pages\/2"}],"collection":[{"href":"https:\/\/fastighet.floradekor.com\/index.php?rest_route=\/wp\/v2\/pages"}],"about":[{"href":"https:\/\/fastighet.floradekor.com\/index.php?rest_route=\/wp\/v2\/types\/page"}],"author":[{"embeddable":true,"href":"https:\/\/fastighet.floradekor.com\/index.php?rest_route=\/wp\/v2\/users\/2"}],"replies":[{"embeddable":true,"href":"https:\/\/fastighet.floradekor.com\/index.php?rest_route=%2Fwp%2Fv2%2Fcomments&post=2"}],"version-history":[{"count":6,"href":"https:\/\/fastighet.floradekor.com\/index.php?rest_route=\/wp\/v2\/pages\/2\/revisions"}],"predecessor-version":[{"id":195,"href":"https:\/\/fastighet.floradekor.com\/index.php?rest_route=\/wp\/v2\/pages\/2\/revisions\/195"}],"wp:attachment":[{"href":"https:\/\/fastighet.floradekor.com\/index.php?rest_route=%2Fwp%2Fv2%2Fmedia&parent=2"}],"curies":[{"name":"wp","href":"https:\/\/api.w.org\/{rel}","templated":true}]}}