{"id":24,"date":"2014-09-19T09:28:26","date_gmt":"2014-09-19T09:28:26","guid":{"rendered":"http:\/\/fastighet.floradekor.com\/?page_id=24"},"modified":"2020-07-10T10:08:38","modified_gmt":"2020-07-10T10:08:38","slug":"hastar","status":"publish","type":"page","link":"https:\/\/fastighet.floradekor.com\/?page_id=24","title":{"rendered":"G\u00e5rdens djur"},"content":{"rendered":"<p><em>P\u00e5 g\u00e5rden finns det mycket olika djur.<br \/>\n<\/em><\/p>\n<p><a href=\"http:\/\/fastighet.floradekor.com\/wp-content\/uploads\/2020\/07\/djur_varmlandsfar.jpg\"><img decoding=\"async\" loading=\"lazy\" class=\"alignnone size-full wp-image-226\" src=\"http:\/\/fastighet.floradekor.com\/wp-content\/uploads\/2020\/07\/djur_varmlandsfar.jpg\" alt=\"\" width=\"600\" height=\"385\" srcset=\"https:\/\/fastighet.floradekor.com\/wp-content\/uploads\/2020\/07\/djur_varmlandsfar.jpg 600w, https:\/\/fastighet.floradekor.com\/wp-content\/uploads\/2020\/07\/djur_varmlandsfar-300x193.jpg 300w\" sizes=\"(max-width: 600px) 100vw, 600px\" \/><\/a><br \/>\nV\u00e4rmlandsf\u00e5r<\/p>\n<p><a href=\"http:\/\/fastighet.floradekor.com\/wp-content\/uploads\/2020\/07\/djur_vaktelkycklingar.jpg\"><img decoding=\"async\" loading=\"lazy\" class=\"alignnone size-full wp-image-225\" src=\"http:\/\/fastighet.floradekor.com\/wp-content\/uploads\/2020\/07\/djur_vaktelkycklingar.jpg\" alt=\"\" width=\"600\" height=\"345\" srcset=\"https:\/\/fastighet.floradekor.com\/wp-content\/uploads\/2020\/07\/djur_vaktelkycklingar.jpg 600w, https:\/\/fastighet.floradekor.com\/wp-content\/uploads\/2020\/07\/djur_vaktelkycklingar-300x173.jpg 300w\" sizes=\"(max-width: 600px) 100vw, 600px\" \/><\/a><br \/>\nVaktelkycklingar<\/p>\n<p><a href=\"http:\/\/fastighet.floradekor.com\/wp-content\/uploads\/2020\/07\/djur_pavarotti.jpg\"><img decoding=\"async\" loading=\"lazy\" class=\"alignnone size-full wp-image-224\" src=\"http:\/\/fastighet.floradekor.com\/wp-content\/uploads\/2020\/07\/djur_pavarotti.jpg\" alt=\"\" width=\"600\" height=\"424\" srcset=\"https:\/\/fastighet.floradekor.com\/wp-content\/uploads\/2020\/07\/djur_pavarotti.jpg 600w, https:\/\/fastighet.floradekor.com\/wp-content\/uploads\/2020\/07\/djur_pavarotti-300x212.jpg 300w\" sizes=\"(max-width: 600px) 100vw, 600px\" \/><\/a><br \/>\nPavarotti<\/p>\n<p><a href=\"http:\/\/fastighet.floradekor.com\/wp-content\/uploads\/2020\/07\/djur_liona.jpg\"><img decoding=\"async\" loading=\"lazy\" class=\"alignnone size-full wp-image-223\" src=\"http:\/\/fastighet.floradekor.com\/wp-content\/uploads\/2020\/07\/djur_liona.jpg\" alt=\"\" width=\"600\" height=\"374\" srcset=\"https:\/\/fastighet.floradekor.com\/wp-content\/uploads\/2020\/07\/djur_liona.jpg 600w, https:\/\/fastighet.floradekor.com\/wp-content\/uploads\/2020\/07\/djur_liona-300x187.jpg 300w\" sizes=\"(max-width: 600px) 100vw, 600px\" \/><\/a><br \/>\nLiona<\/p>\n<p><a href=\"http:\/\/fastighet.floradekor.com\/wp-content\/uploads\/2020\/07\/djur_fol.jpg\"><img decoding=\"async\" loading=\"lazy\" class=\"alignnone size-full wp-image-222\" src=\"http:\/\/fastighet.floradekor.com\/wp-content\/uploads\/2020\/07\/djur_fol.jpg\" alt=\"\" width=\"600\" height=\"442\" srcset=\"https:\/\/fastighet.floradekor.com\/wp-content\/uploads\/2020\/07\/djur_fol.jpg 600w, https:\/\/fastighet.floradekor.com\/wp-content\/uploads\/2020\/07\/djur_fol-300x221.jpg 300w\" sizes=\"(max-width: 600px) 100vw, 600px\" \/><\/a><br \/>\nF\u00f6len Ladonna och Ladina<\/p>\n<p><a href=\"http:\/\/fastighet.floradekor.com\/wp-content\/uploads\/2020\/07\/djur_amore_mio.jpg\"><img decoding=\"async\" loading=\"lazy\" class=\"alignnone size-full wp-image-220\" src=\"http:\/\/fastighet.floradekor.com\/wp-content\/uploads\/2020\/07\/djur_amore_mio.jpg\" alt=\"\" width=\"600\" height=\"395\" srcset=\"https:\/\/fastighet.floradekor.com\/wp-content\/uploads\/2020\/07\/djur_amore_mio.jpg 600w, https:\/\/fastighet.floradekor.com\/wp-content\/uploads\/2020\/07\/djur_amore_mio-300x198.jpg 300w\" sizes=\"(max-width: 600px) 100vw, 600px\" \/><\/a><br \/>\nAmore Mio<\/p>\n<p><a href=\"http:\/\/fastighet.floradekor.com\/wp-content\/uploads\/2020\/07\/djur_bianca.jpg\"><img decoding=\"async\" loading=\"lazy\" class=\"alignnone size-full wp-image-221\" src=\"http:\/\/fastighet.floradekor.com\/wp-content\/uploads\/2020\/07\/djur_bianca.jpg\" alt=\"\" width=\"600\" height=\"420\" srcset=\"https:\/\/fastighet.floradekor.com\/wp-content\/uploads\/2020\/07\/djur_bianca.jpg 600w, https:\/\/fastighet.floradekor.com\/wp-content\/uploads\/2020\/07\/djur_bianca-300x210.jpg 300w\" sizes=\"(max-width: 600px) 100vw, 600px\" \/><\/a><br \/>\nBianca<\/p>\n","protected":false},"excerpt":{"rendered":"<p>P\u00e5 g\u00e5rden finns det mycket olika djur. V\u00e4rmlandsf\u00e5r Vaktelkycklingar Pavarotti Liona F\u00f6len Ladonna och Ladina Amore Mio Bianca<\/p>\n","protected":false},"author":2,"featured_media":0,"parent":0,"menu_order":0,"comment_status":"closed","ping_status":"closed","template":"","meta":[],"_links":{"self":[{"href":"https:\/\/fastighet.floradekor.com\/index.php?rest_route=\/wp\/v2\/pages\/24"}],"collection":[{"href":"https:\/\/fastighet.floradekor.com\/index.php?rest_route=\/wp\/v2\/pages"}],"about":[{"href":"https:\/\/fastighet.floradekor.com\/index.php?rest_route=\/wp\/v2\/types\/page"}],"author":[{"embeddable":true,"href":"https:\/\/fastighet.floradekor.com\/index.php?rest_route=\/wp\/v2\/users\/2"}],"replies":[{"embeddable":true,"href":"https:\/\/fastighet.floradekor.com\/index.php?rest_route=%2Fwp%2Fv2%2Fcomments&post=24"}],"version-history":[{"count":18,"href":"https:\/\/fastighet.floradekor.com\/index.php?rest_route=\/wp\/v2\/pages\/24\/revisions"}],"predecessor-version":[{"id":234,"href":"https:\/\/fastighet.floradekor.com\/index.php?rest_route=\/wp\/v2\/pages\/24\/revisions\/234"}],"wp:attachment":[{"href":"https:\/\/fastighet.floradekor.com\/index.php?rest_route=%2Fwp%2Fv2%2Fmedia&parent=24"}],"curies":[{"name":"wp","href":"https:\/\/api.w.org\/{rel}","templated":true}]}}